{"id":2287,"date":"2022-09-23T17:14:23","date_gmt":"2022-09-23T17:14:23","guid":{"rendered":"http:\/\/www.coralherrero.com\/?page_id=2287"},"modified":"2022-10-01T09:58:45","modified_gmt":"2022-10-01T09:58:45","slug":"manuel-torada-calonge","status":"publish","type":"page","link":"http:\/\/www.coralherrero.com\/?page_id=2287","title":{"rendered":"Manuel Torada Calonge"},"content":{"rendered":"\t\t<div data-elementor-type=\"wp-page\" data-elementor-id=\"2287\" class=\"elementor elementor-2287\">\n\t\t\t\t\t\t\t\t\t<section class=\"elementor-section elementor-top-section elementor-element elementor-element-8044a7f elementor-section-boxed elementor-section-height-default elementor-section-height-default\" data-id=\"8044a7f\" data-element_type=\"section\">\n\t\t\t\t\t\t<div class=\"elementor-container elementor-column-gap-default\">\n\t\t\t\t\t<div class=\"elementor-column elementor-col-100 elementor-top-column elementor-element elementor-element-9267cd8\" data-id=\"9267cd8\" data-element_type=\"column\">\n\t\t\t<div class=\"elementor-widget-wrap elementor-element-populated\">\n\t\t\t\t\t\t\t\t<section class=\"elementor-section elementor-inner-section elementor-element elementor-element-3063c4e elementor-section-boxed elementor-section-height-default elementor-section-height-default\" data-id=\"3063c4e\" data-element_type=\"section\">\n\t\t\t\t\t\t<div class=\"elementor-container elementor-column-gap-default\">\n\t\t\t\t\t<div class=\"elementor-column elementor-col-50 elementor-inner-column elementor-element elementor-element-877c85e\" data-id=\"877c85e\" data-element_type=\"column\">\n\t\t\t<div class=\"elementor-widget-wrap elementor-element-populated\">\n\t\t\t\t\t\t\t\t<div class=\"elementor-element elementor-element-a2a61af elementor-widget elementor-widget-image\" data-id=\"a2a61af\" data-element_type=\"widget\" data-widget_type=\"image.default\">\n\t\t\t\t<div class=\"elementor-widget-container\">\n\t\t\t<style>\/*! elementor - v3.7.8 - 02-10-2022 *\/\n.elementor-widget-image{text-align:center}.elementor-widget-image a{display:inline-block}.elementor-widget-image a img[src$=\".svg\"]{width:48px}.elementor-widget-image img{vertical-align:middle;display:inline-block}<\/style>\t\t\t\t\t\t\t\t\t\t\t\t<img loading=\"lazy\" decoding=\"async\" width=\"960\" height=\"960\" src=\"http:\/\/www.coralherrero.com\/wp-content\/uploads\/2022\/09\/manuel-torada.jpeg\" class=\"attachment-1536x1536 size-1536x1536\" alt=\"\" srcset=\"http:\/\/www.coralherrero.com\/wp-content\/uploads\/2022\/09\/manuel-torada.jpeg 960w, http:\/\/www.coralherrero.com\/wp-content\/uploads\/2022\/09\/manuel-torada-160x160.jpeg 160w, http:\/\/www.coralherrero.com\/wp-content\/uploads\/2022\/09\/manuel-torada-768x768.jpeg 768w, http:\/\/www.coralherrero.com\/wp-content\/uploads\/2022\/09\/manuel-torada-585x585.jpeg 585w\" sizes=\"(max-width: 960px) 100vw, 960px\" \/>\t\t\t\t\t\t\t\t\t\t\t\t\t\t\t<\/div>\n\t\t\t\t<\/div>\n\t\t\t\t\t<\/div>\n\t\t<\/div>\n\t\t\t\t<div class=\"elementor-column elementor-col-50 elementor-inner-column elementor-element elementor-element-138e9c3\" data-id=\"138e9c3\" data-element_type=\"column\">\n\t\t\t<div class=\"elementor-widget-wrap elementor-element-populated\">\n\t\t\t\t\t\t\t\t<div class=\"elementor-element elementor-element-1301b40 elementor-widget elementor-widget-text-editor\" data-id=\"1301b40\" data-element_type=\"widget\" data-widget_type=\"text-editor.default\">\n\t\t\t\t<div class=\"elementor-widget-container\">\n\t\t\t<style>\/*! elementor - v3.7.8 - 02-10-2022 *\/\n.elementor-widget-text-editor.elementor-drop-cap-view-stacked .elementor-drop-cap{background-color:#818a91;color:#fff}.elementor-widget-text-editor.elementor-drop-cap-view-framed .elementor-drop-cap{color:#818a91;border:3px solid;background-color:transparent}.elementor-widget-text-editor:not(.elementor-drop-cap-view-default) .elementor-drop-cap{margin-top:8px}.elementor-widget-text-editor:not(.elementor-drop-cap-view-default) .elementor-drop-cap-letter{width:1em;height:1em}.elementor-widget-text-editor .elementor-drop-cap{float:left;text-align:center;line-height:1;font-size:50px}.elementor-widget-text-editor .elementor-drop-cap-letter{display:inline-block}<\/style>\t\t\t\t<p>Nacido en Castell\u00f3n el 8 de noviembre de 1966, comienza su carrera musical a los 14 a\u00f1os en el Conservatorio Profesional de M\u00fasica de Castell\u00f3n, donde estudia guitarra, canto y piano con los maestros Manuel Babiloni y Miguel Bou. Completa sus estudios en el Conservatorio Superior de M\u00fasica de Valencia donde obtiene los t\u00edtulos de Profesor Superior de Guitarra y Profesor de Canto.<\/p><p>\u00a0En la actualidad, es profesor de guitarra por oposici\u00f3n en el Conservatorio Profesional de M\u00fasica \u201cMestre T\u00e0rrega\u201d de Castell\u00f3n. Ha impartido asimismo clases de m\u00fasica en Educaci\u00f3n Secundaria tambi\u00e9n por oposici\u00f3n.<\/p>\t\t\t\t\t\t<\/div>\n\t\t\t\t<\/div>\n\t\t\t\t\t<\/div>\n\t\t<\/div>\n\t\t\t\t\t\t\t<\/div>\n\t\t<\/section>\n\t\t\t\t<div class=\"elementor-element elementor-element-a565b96 elementor-widget elementor-widget-text-editor\" data-id=\"a565b96\" data-element_type=\"widget\" data-widget_type=\"text-editor.default\">\n\t\t\t\t<div class=\"elementor-widget-container\">\n\t\t\t\t\t\t\t<p>Su pasi\u00f3n por el mundo coral comienza gracias a su mentor, D. Juan Ram\u00f3n Herrero Llid\u00f3, protagonista de este homenaje. En 1981 ingresa en la Coral Vicent Ripoll\u00e9s de Castell\u00f3n como cantante y, m\u00e1s tarde, asumiendo el cargo de director durante 17 a\u00f1os. En 1983 fue miembro fundador y cantante de la Coral Juvenil La Plana, tambi\u00e9n de Castell\u00f3n.<\/p><p>Ha sido director, adem\u00e1s, de las siguientes agrupaciones corales: Coral Polif\u00f3nica de Betx\u00ed, Coral San Bartolom\u00e9 de Nules, Orfe\u00f3n Juvenil de Castell\u00f3 y Coro de las Aulas de la Tercera Edad \u201cCastalia\u201d de Castell\u00f3n. En la actualidad dirige la Coral \u201cJuan Ram\u00f3n Herrero\u201d y el ensemble vocal \u201cVaradero\u201d, ambas de Castell\u00f3n.<\/p>\t\t\t\t\t\t<\/div>\n\t\t\t\t<\/div>\n\t\t\t\t\t<\/div>\n\t\t<\/div>\n\t\t\t\t\t\t\t<\/div>\n\t\t<\/section>\n\t\t\t\t<section class=\"elementor-section elementor-top-section elementor-element elementor-element-9d20cd1 elementor-section-boxed elementor-section-height-default elementor-section-height-default\" data-id=\"9d20cd1\" data-element_type=\"section\">\n\t\t\t\t\t\t<div class=\"elementor-container elementor-column-gap-default\">\n\t\t\t\t\t<div class=\"elementor-column elementor-col-33 elementor-top-column elementor-element elementor-element-5e22599\" data-id=\"5e22599\" data-element_type=\"column\">\n\t\t\t<div class=\"elementor-widget-wrap\">\n\t\t\t\t\t\t\t\t\t<\/div>\n\t\t<\/div>\n\t\t\t\t<div class=\"elementor-column elementor-col-33 elementor-top-column elementor-element elementor-element-a634289\" data-id=\"a634289\" data-element_type=\"column\">\n\t\t\t<div class=\"elementor-widget-wrap elementor-element-populated\">\n\t\t\t\t\t\t\t\t<div class=\"elementor-element elementor-element-d773079 elementor-arrows-position-inside elementor-pagination-position-outside elementor-widget elementor-widget-image-carousel\" data-id=\"d773079\" data-element_type=\"widget\" data-settings=\"{&quot;slides_to_show&quot;:&quot;1&quot;,&quot;navigation&quot;:&quot;both&quot;,&quot;autoplay&quot;:&quot;yes&quot;,&quot;pause_on_hover&quot;:&quot;yes&quot;,&quot;pause_on_interaction&quot;:&quot;yes&quot;,&quot;autoplay_speed&quot;:5000,&quot;infinite&quot;:&quot;yes&quot;,&quot;effect&quot;:&quot;slide&quot;,&quot;speed&quot;:500}\" data-widget_type=\"image-carousel.default\">\n\t\t\t\t<div class=\"elementor-widget-container\">\n\t\t\t<style>\/*! elementor - v3.7.8 - 02-10-2022 *\/\n.elementor-widget-image-carousel .swiper-container{position:static}.elementor-widget-image-carousel .swiper-container .swiper-slide figure{line-height:inherit}.elementor-widget-image-carousel .swiper-slide{text-align:center}.elementor-image-carousel-wrapper:not(.swiper-container-initialized) .swiper-slide{max-width:calc(100% \/ var(--e-image-carousel-slides-to-show, 3))}<\/style>\t\t<div class=\"elementor-image-carousel-wrapper swiper-container\" dir=\"ltr\">\n\t\t\t<div class=\"elementor-image-carousel swiper-wrapper\">\n\t\t\t\t\t\t\t\t<div class=\"swiper-slide\"><figure class=\"swiper-slide-inner\"><img decoding=\"async\" class=\"swiper-slide-image\" src=\"http:\/\/www.coralherrero.com\/wp-content\/uploads\/2022\/09\/director1.jpeg\" alt=\"director1\" \/><\/figure><\/div><div class=\"swiper-slide\"><figure class=\"swiper-slide-inner\"><img decoding=\"async\" class=\"swiper-slide-image\" src=\"http:\/\/www.coralherrero.com\/wp-content\/uploads\/2022\/09\/director3-960x730.jpeg\" alt=\"director3\" \/><\/figure><\/div><div class=\"swiper-slide\"><figure class=\"swiper-slide-inner\"><img decoding=\"async\" class=\"swiper-slide-image\" src=\"http:\/\/www.coralherrero.com\/wp-content\/uploads\/2022\/09\/director2-1024x730.jpeg\" alt=\"director2\" \/><\/figure><\/div>\t\t\t<\/div>\n\t\t\t\t\t\t\t\t\t\t\t\t<div class=\"swiper-pagination\"><\/div>\n\t\t\t\t\t\t\t\t\t\t\t\t\t<div class=\"elementor-swiper-button elementor-swiper-button-prev\">\n\t\t\t\t\t\t<i aria-hidden=\"true\" class=\"eicon-chevron-left\"><\/i>\t\t\t\t\t\t<span class=\"elementor-screen-only\">Anterior<\/span>\n\t\t\t\t\t<\/div>\n\t\t\t\t\t<div class=\"elementor-swiper-button elementor-swiper-button-next\">\n\t\t\t\t\t\t<i aria-hidden=\"true\" class=\"eicon-chevron-right\"><\/i>\t\t\t\t\t\t<span class=\"elementor-screen-only\">Siguiente<\/span>\n\t\t\t\t\t<\/div>\n\t\t\t\t\t\t\t\t\t<\/div>\n\t\t\t\t<\/div>\n\t\t\t\t<\/div>\n\t\t\t\t\t<\/div>\n\t\t<\/div>\n\t\t\t\t<div class=\"elementor-column elementor-col-33 elementor-top-column elementor-element elementor-element-13b6a26\" data-id=\"13b6a26\" data-element_type=\"column\">\n\t\t\t<div class=\"elementor-widget-wrap\">\n\t\t\t\t\t\t\t\t\t<\/div>\n\t\t<\/div>\n\t\t\t\t\t\t\t<\/div>\n\t\t<\/section>\n\t\t\t\t<section class=\"elementor-section elementor-top-section elementor-element elementor-element-d7d8957 elementor-section-boxed elementor-section-height-default elementor-section-height-default\" data-id=\"d7d8957\" data-element_type=\"section\">\n\t\t\t\t\t\t<div class=\"elementor-container elementor-column-gap-default\">\n\t\t\t\t\t<div class=\"elementor-column elementor-col-100 elementor-top-column elementor-element elementor-element-07a0955\" data-id=\"07a0955\" data-element_type=\"column\">\n\t\t\t<div class=\"elementor-widget-wrap elementor-element-populated\">\n\t\t\t\t\t\t\t\t<div class=\"elementor-element elementor-element-cf86d98 elementor-widget elementor-widget-text-editor\" data-id=\"cf86d98\" data-element_type=\"widget\" data-widget_type=\"text-editor.default\">\n\t\t\t\t<div class=\"elementor-widget-container\">\n\t\t\t\t\t\t\t<p>Tambi\u00e9n ha pertenecido al grupo de M\u00fasica Antigua \u201cSupram\u00fasica\u201d de Vila-real, es fundador y requinto del grupo de boleros \u201cLos Perfidios\u201d y colaborador asiduo en \u201cTuriae Camerata\u201d de Valencia y puntualmente con el \u201cOrfe\u00f3n Donostiarra\u201d. Forma parte del Cor de la Generalitat Valenciana como cantante de refuerzo desde 2002, con el que colabora en las temporadas de \u00f3pera del Palau de les Arts Reina Sof\u00eda de Valencia, trabajando bajo la batuta de directores como Lorin Maazel, Zubin Mehta, Alberto Zedda, Walter Weller, Josep Pons, Xian Zhang, John Nelson, Franz Paul Decker, Enrique Garc\u00eda Asensio, Valeri Guerguiev, Sylvain Cambreling y Helmuth Rilling entre otros.<br \/>En su faceta de compositor ha escrito varias obras a capella para coro mixto, destacando la \u201cMisa Solemne\u201d a la Virgen de la Soledad de Nules y \u201cD\u00edas eternos\u201d a cuatro voces mixtas, sobre poema de Pedro Agust\u00edn Gu\u00eda.<\/p><p>Manuel Torada ha actuado como bajo solista en obras sinf\u00f3nicas como \u00abMisa de la Coronaci\u00f3n\u00bb y \u00abRequiem\u00bb de Mozart, \u00abRequiem\u00bb de Faur\u00e9 o \u00abTenebres\u00bb de Adanero. Cabe destacar tambi\u00e9n las representaciones esc\u00e9nicas como bajo solista en \u201cEngracia i Pasqualito\u201d de Rafael Beltr\u00e1n (estreno absoluto) o \u201cLa flauta m\u00e1gica\u201d de W. A. Mozart (Valencia 2018).<\/p>\t\t\t\t\t\t<\/div>\n\t\t\t\t<\/div>\n\t\t\t\t\t<\/div>\n\t\t<\/div>\n\t\t\t\t\t\t\t<\/div>\n\t\t<\/section>\n\t\t\t\t\t\t\t<\/div>\n\t\t","protected":false},"excerpt":{"rendered":"<p>Nacido en Castell\u00f3n el 8 de noviembre de 1966, comienza su carrera musical a los 14 a\u00f1os en el Conservatorio Profesional de M\u00fasica de Castell\u00f3n, donde estudia guitarra, canto y piano con los maestros Manuel Babiloni y Miguel Bou. Completa sus estudios en el Conservatorio Superior de M\u00fasica de Valencia donde obtiene los t\u00edtulos de<\/p>\n","protected":false},"author":1,"featured_media":0,"parent":0,"menu_order":0,"comment_status":"closed","ping_status":"closed","template":"elementor_theme","meta":{"footnotes":""},"yoast_head":"<!-- This site is optimized with the Yoast SEO plugin v19.9 - https:\/\/yoast.com\/wordpress\/plugins\/seo\/ -->\n<title>Manuel Torada Calonge - Coral Juan Ram\u00f3n Herrero<\/title>\n<meta name=\"robots\" content=\"index, follow, max-snippet:-1, max-image-preview:large, max-video-preview:-1\" \/>\n<link rel=\"canonical\" href=\"http:\/\/www.coralherrero.com\/?page_id=2287\" \/>\n<meta property=\"og:locale\" content=\"es_ES\" \/>\n<meta property=\"og:type\" content=\"article\" \/>\n<meta property=\"og:title\" content=\"Manuel Torada Calonge - Coral Juan Ram\u00f3n Herrero\" \/>\n<meta property=\"og:description\" content=\"Nacido en Castell\u00f3n el 8 de noviembre de 1966, comienza su carrera musical a los 14 a\u00f1os en el Conservatorio Profesional de M\u00fasica de Castell\u00f3n, donde estudia guitarra, canto y piano con los maestros Manuel Babiloni y Miguel Bou. Completa sus estudios en el Conservatorio Superior de M\u00fasica de Valencia donde obtiene los t\u00edtulos de\" \/>\n<meta property=\"og:url\" content=\"http:\/\/www.coralherrero.com\/?page_id=2287\" \/>\n<meta property=\"og:site_name\" content=\"Coral Juan Ram\u00f3n Herrero\" \/>\n<meta property=\"article:publisher\" content=\"https:\/\/www.facebook.com\/CoralJuanRamonHerrero\" \/>\n<meta property=\"article:modified_time\" content=\"2022-10-01T09:58:45+00:00\" \/>\n<meta property=\"og:image\" content=\"http:\/\/www.coralherrero.com\/wp-content\/uploads\/2022\/09\/manuel-torada.jpeg\" \/>\n<meta name=\"twitter:card\" content=\"summary_large_image\" \/>\n<meta name=\"twitter:label1\" content=\"Tiempo de lectura\" \/>\n\t<meta name=\"twitter:data1\" content=\"2 minutos\" \/>\n<script type=\"application\/ld+json\" class=\"yoast-schema-graph\">{\"@context\":\"https:\/\/schema.org\",\"@graph\":[{\"@type\":\"WebPage\",\"@id\":\"http:\/\/www.coralherrero.com\/?page_id=2287\",\"url\":\"http:\/\/www.coralherrero.com\/?page_id=2287\",\"name\":\"Manuel Torada Calonge - Coral Juan Ram\u00f3n Herrero\",\"isPartOf\":{\"@id\":\"http:\/\/www.coralherrero.com\/#website\"},\"datePublished\":\"2022-09-23T17:14:23+00:00\",\"dateModified\":\"2022-10-01T09:58:45+00:00\",\"breadcrumb\":{\"@id\":\"http:\/\/www.coralherrero.com\/?page_id=2287#breadcrumb\"},\"inLanguage\":\"es\",\"potentialAction\":[{\"@type\":\"ReadAction\",\"target\":[\"http:\/\/www.coralherrero.com\/?page_id=2287\"]}]},{\"@type\":\"BreadcrumbList\",\"@id\":\"http:\/\/www.coralherrero.com\/?page_id=2287#breadcrumb\",\"itemListElement\":[{\"@type\":\"ListItem\",\"position\":1,\"name\":\"Portada\",\"item\":\"http:\/\/www.coralherrero.com\/\"},{\"@type\":\"ListItem\",\"position\":2,\"name\":\"Manuel Torada Calonge\"}]},{\"@type\":\"WebSite\",\"@id\":\"http:\/\/www.coralherrero.com\/#website\",\"url\":\"http:\/\/www.coralherrero.com\/\",\"name\":\"Coral Juan Ram\u00f3n Herrero\",\"description\":\"\",\"publisher\":{\"@id\":\"http:\/\/www.coralherrero.com\/#organization\"},\"potentialAction\":[{\"@type\":\"SearchAction\",\"target\":{\"@type\":\"EntryPoint\",\"urlTemplate\":\"http:\/\/www.coralherrero.com\/?s={search_term_string}\"},\"query-input\":\"required name=search_term_string\"}],\"inLanguage\":\"es\"},{\"@type\":\"Organization\",\"@id\":\"http:\/\/www.coralherrero.com\/#organization\",\"name\":\"Coral Juan Ram\u00f3n Herrero\",\"url\":\"http:\/\/www.coralherrero.com\/\",\"logo\":{\"@type\":\"ImageObject\",\"inLanguage\":\"es\",\"@id\":\"http:\/\/www.coralherrero.com\/#\/schema\/logo\/image\/\",\"url\":\"http:\/\/www.coralherrero.com\/wp-content\/uploads\/2022\/09\/logo200x2001.jpg\",\"contentUrl\":\"http:\/\/www.coralherrero.com\/wp-content\/uploads\/2022\/09\/logo200x2001.jpg\",\"width\":200,\"height\":200,\"caption\":\"Coral Juan Ram\u00f3n Herrero\"},\"image\":{\"@id\":\"http:\/\/www.coralherrero.com\/#\/schema\/logo\/image\/\"},\"sameAs\":[\"https:\/\/www.instagram.com\/coral.jrh\/\",\"https:\/\/www.facebook.com\/CoralJuanRamonHerrero\"]}]}<\/script>\n<!-- \/ Yoast SEO plugin. -->","yoast_head_json":{"title":"Manuel Torada Calonge - Coral Juan Ram\u00f3n Herrero","robots":{"index":"index","follow":"follow","max-snippet":"max-snippet:-1","max-image-preview":"max-image-preview:large","max-video-preview":"max-video-preview:-1"},"canonical":"http:\/\/www.coralherrero.com\/?page_id=2287","og_locale":"es_ES","og_type":"article","og_title":"Manuel Torada Calonge - Coral Juan Ram\u00f3n Herrero","og_description":"Nacido en Castell\u00f3n el 8 de noviembre de 1966, comienza su carrera musical a los 14 a\u00f1os en el Conservatorio Profesional de M\u00fasica de Castell\u00f3n, donde estudia guitarra, canto y piano con los maestros Manuel Babiloni y Miguel Bou. Completa sus estudios en el Conservatorio Superior de M\u00fasica de Valencia donde obtiene los t\u00edtulos de","og_url":"http:\/\/www.coralherrero.com\/?page_id=2287","og_site_name":"Coral Juan Ram\u00f3n Herrero","article_publisher":"https:\/\/www.facebook.com\/CoralJuanRamonHerrero","article_modified_time":"2022-10-01T09:58:45+00:00","og_image":[{"url":"http:\/\/www.coralherrero.com\/wp-content\/uploads\/2022\/09\/manuel-torada.jpeg"}],"twitter_card":"summary_large_image","twitter_misc":{"Tiempo de lectura":"2 minutos"},"schema":{"@context":"https:\/\/schema.org","@graph":[{"@type":"WebPage","@id":"http:\/\/www.coralherrero.com\/?page_id=2287","url":"http:\/\/www.coralherrero.com\/?page_id=2287","name":"Manuel Torada Calonge - Coral Juan Ram\u00f3n Herrero","isPartOf":{"@id":"http:\/\/www.coralherrero.com\/#website"},"datePublished":"2022-09-23T17:14:23+00:00","dateModified":"2022-10-01T09:58:45+00:00","breadcrumb":{"@id":"http:\/\/www.coralherrero.com\/?page_id=2287#breadcrumb"},"inLanguage":"es","potentialAction":[{"@type":"ReadAction","target":["http:\/\/www.coralherrero.com\/?page_id=2287"]}]},{"@type":"BreadcrumbList","@id":"http:\/\/www.coralherrero.com\/?page_id=2287#breadcrumb","itemListElement":[{"@type":"ListItem","position":1,"name":"Portada","item":"http:\/\/www.coralherrero.com\/"},{"@type":"ListItem","position":2,"name":"Manuel Torada Calonge"}]},{"@type":"WebSite","@id":"http:\/\/www.coralherrero.com\/#website","url":"http:\/\/www.coralherrero.com\/","name":"Coral Juan Ram\u00f3n Herrero","description":"","publisher":{"@id":"http:\/\/www.coralherrero.com\/#organization"},"potentialAction":[{"@type":"SearchAction","target":{"@type":"EntryPoint","urlTemplate":"http:\/\/www.coralherrero.com\/?s={search_term_string}"},"query-input":"required name=search_term_string"}],"inLanguage":"es"},{"@type":"Organization","@id":"http:\/\/www.coralherrero.com\/#organization","name":"Coral Juan Ram\u00f3n Herrero","url":"http:\/\/www.coralherrero.com\/","logo":{"@type":"ImageObject","inLanguage":"es","@id":"http:\/\/www.coralherrero.com\/#\/schema\/logo\/image\/","url":"http:\/\/www.coralherrero.com\/wp-content\/uploads\/2022\/09\/logo200x2001.jpg","contentUrl":"http:\/\/www.coralherrero.com\/wp-content\/uploads\/2022\/09\/logo200x2001.jpg","width":200,"height":200,"caption":"Coral Juan Ram\u00f3n Herrero"},"image":{"@id":"http:\/\/www.coralherrero.com\/#\/schema\/logo\/image\/"},"sameAs":["https:\/\/www.instagram.com\/coral.jrh\/","https:\/\/www.facebook.com\/CoralJuanRamonHerrero"]}]}},"_links":{"self":[{"href":"http:\/\/www.coralherrero.com\/index.php?rest_route=\/wp\/v2\/pages\/2287"}],"collection":[{"href":"http:\/\/www.coralherrero.com\/index.php?rest_route=\/wp\/v2\/pages"}],"about":[{"href":"http:\/\/www.coralherrero.com\/index.php?rest_route=\/wp\/v2\/types\/page"}],"author":[{"embeddable":true,"href":"http:\/\/www.coralherrero.com\/index.php?rest_route=\/wp\/v2\/users\/1"}],"replies":[{"embeddable":true,"href":"http:\/\/www.coralherrero.com\/index.php?rest_route=%2Fwp%2Fv2%2Fcomments&post=2287"}],"version-history":[{"count":15,"href":"http:\/\/www.coralherrero.com\/index.php?rest_route=\/wp\/v2\/pages\/2287\/revisions"}],"predecessor-version":[{"id":2313,"href":"http:\/\/www.coralherrero.com\/index.php?rest_route=\/wp\/v2\/pages\/2287\/revisions\/2313"}],"wp:attachment":[{"href":"http:\/\/www.coralherrero.com\/index.php?rest_route=%2Fwp%2Fv2%2Fmedia&parent=2287"}],"curies":[{"name":"wp","href":"https:\/\/api.w.org\/{rel}","templated":true}]}}